{"id":1109,"date":"2023-05-30T18:10:56","date_gmt":"2023-05-30T23:10:56","guid":{"rendered":"https:\/\/teacoffeesupplies.com\/?page_id=1109"},"modified":"2025-09-02T19:40:40","modified_gmt":"2025-09-03T00:40:40","slug":"bonavita","status":"publish","type":"page","link":"https:\/\/teacoffeesupplies.com\/en\/bonavita\/","title":{"rendered":"Bonavita"},"content":{"rendered":"<div data-elementor-type=\"wp-page\" data-elementor-id=\"1109\" class=\"elementor elementor-1109\">\n\t\t\t\t\t\t<section class=\"elementor-section elementor-top-section elementor-element elementor-element-2f8b7f9c elementor-section-boxed elementor-section-height-default elementor-section-height-default\" data-id=\"2f8b7f9c\" data-element_type=\"section\" data-e-type=\"section\">\n\t\t\t\t\t\t<div class=\"elementor-container elementor-column-gap-default\">\n\t\t\t\t\t<div class=\"elementor-column elementor-col-100 elementor-top-column elementor-element elementor-element-1e8a2653\" data-id=\"1e8a2653\" data-element_type=\"column\" data-e-type=\"column\">\n\t\t\t<div class=\"elementor-widget-wrap elementor-element-populated\">\n\t\t\t\t\t\t<div class=\"elementor-element elementor-element-395c0f9e elementor-widget elementor-widget-text-editor\" data-id=\"395c0f9e\" data-element_type=\"widget\" data-e-type=\"widget\" data-widget_type=\"text-editor.default\">\n\t\t\t\t<div class=\"elementor-widget-container\">\n\t\t\t\t\t\t\t\t\t<p>Make sure to log in with your authorized wholesale account <a href=\"https:\/\/teacoffeesupplies.com\/en\/cuenta\/\">by clicking here<\/a> to access wholesale prices.<\/p>\t\t\t\t\t\t\t\t<\/div>\n\t\t\t\t<\/div>\n\t\t\t\t<div class=\"elementor-element elementor-element-a2823a7 elementor-widget elementor-widget-image\" data-id=\"a2823a7\" data-element_type=\"widget\" data-e-type=\"widget\" data-widget_type=\"image.default\">\n\t\t\t\t<div class=\"elementor-widget-container\">\n\t\t\t\t\t\t\t\t\t\t\t\t\t\t\t<img decoding=\"async\" width=\"500\" height=\"73\" src=\"https:\/\/i0.wp.com\/teacoffeesupplies.com\/wp-content\/uploads\/2023\/05\/bonavita.webp?fit=500%2C73&amp;ssl=1\" class=\"attachment-large size-large wp-image-1098\" alt=\"\" srcset=\"https:\/\/i0.wp.com\/teacoffeesupplies.com\/wp-content\/uploads\/2023\/05\/bonavita.webp?w=500&amp;ssl=1 500w, https:\/\/i0.wp.com\/teacoffeesupplies.com\/wp-content\/uploads\/2023\/05\/bonavita.webp?resize=300%2C44&amp;ssl=1 300w\" sizes=\"(max-width: 500px) 100vw, 500px\" \/>\t\t\t\t\t\t\t\t\t\t\t\t\t\t\t<\/div>\n\t\t\t\t<\/div>\n\t\t\t\t<div class=\"elementor-element elementor-element-52b4559b elementor-widget elementor-widget-heading\" data-id=\"52b4559b\" data-element_type=\"widget\" data-e-type=\"widget\" data-widget_type=\"heading.default\">\n\t\t\t\t<div class=\"elementor-widget-container\">\n\t\t\t\t\t<h2 class=\"elementor-heading-title elementor-size-default\">Kettle<\/h2>\t\t\t\t<\/div>\n\t\t\t\t<\/div>\n\t\t\t\t<div class=\"elementor-element elementor-element-470b6bc1 elementor-widget elementor-widget-shortcode\" data-id=\"470b6bc1\" data-element_type=\"widget\" data-e-type=\"widget\" data-widget_type=\"shortcode.default\">\n\t\t\t\t<div class=\"elementor-widget-container\">\n\t\t\t\t\t\t\t<div class=\"elementor-shortcode\"><div class=\"woocommerce columns-4\"><ul class=\"products columns-4\">\n<li class=\"product type-product post-1842 status-publish first outofstock product_cat-bonavita product_tag-black product_tag-bonavita product_tag-coffee product_tag-kettle product_tag-tea product_tag-variable has-post-thumbnail taxable shipping-taxable purchasable product-type-simple\">\n\t<a href=\"https:\/\/teacoffeesupplies.com\/en\/product\/bonavita-1-0l-interurban-variable-temperature-kettle\/\" class=\"woocommerce-LoopProduct-link woocommerce-loop-product__link\"><img fetchpriority=\"high\" decoding=\"async\" width=\"300\" height=\"300\" src=\"https:\/\/i0.wp.com\/teacoffeesupplies.com\/wp-content\/uploads\/2024\/09\/Image-3.jpg?resize=300%2C300&amp;ssl=1\" class=\"attachment-woocommerce_thumbnail size-woocommerce_thumbnail\" alt=\"bonavita INTERURBAN variable kettle for tea and coffee\" srcset=\"https:\/\/i0.wp.com\/teacoffeesupplies.com\/wp-content\/uploads\/2024\/09\/Image-3.jpg?w=960&amp;ssl=1 960w, https:\/\/i0.wp.com\/teacoffeesupplies.com\/wp-content\/uploads\/2024\/09\/Image-3.jpg?resize=300%2C300&amp;ssl=1 300w, https:\/\/i0.wp.com\/teacoffeesupplies.com\/wp-content\/uploads\/2024\/09\/Image-3.jpg?resize=150%2C150&amp;ssl=1 150w, https:\/\/i0.wp.com\/teacoffeesupplies.com\/wp-content\/uploads\/2024\/09\/Image-3.jpg?resize=768%2C768&amp;ssl=1 768w, https:\/\/i0.wp.com\/teacoffeesupplies.com\/wp-content\/uploads\/2024\/09\/Image-3.jpg?resize=12%2C12&amp;ssl=1 12w, https:\/\/i0.wp.com\/teacoffeesupplies.com\/wp-content\/uploads\/2024\/09\/Image-3.jpg?resize=600%2C600&amp;ssl=1 600w, https:\/\/i0.wp.com\/teacoffeesupplies.com\/wp-content\/uploads\/2024\/09\/Image-3.jpg?resize=100%2C100&amp;ssl=1 100w\" sizes=\"(max-width: 300px) 100vw, 300px\" \/><h2 class=\"woocommerce-loop-product__title\">Bonavita &#8211; 1.0L INTERURBAN Variable Temperature Kettle<\/h2>\n\t<span class=\"price\"><span class=\"woocommerce-Price-amount amount\"><bdi><span class=\"woocommerce-Price-currencySymbol\">&#36;<\/span>98.58<\/bdi><\/span><\/span>\n<\/a><a href=\"https:\/\/teacoffeesupplies.com\/en\/product\/bonavita-1-0l-interurban-variable-temperature-kettle\/\" aria-describedby=\"woocommerce_loop_add_to_cart_link_describedby_1842\" data-quantity=\"1\" class=\"button product_type_simple\" data-product_id=\"1842\" data-product_sku=\"BONKET-1\" aria-label=\"Read more about \u201cBonavita - 1.0L INTERURBAN Variable Temperature Kettle\u201d\" rel=\"nofollow\" data-success_message=\"\" data-no-translation=\"\" data-trp-gettext=\"\" data-no-translation-aria-label=\"\">Read more<\/a>\t<span id=\"woocommerce_loop_add_to_cart_link_describedby_1842\" class=\"screen-reader-text\">\n\t\t\t<\/span>\n<\/li>\n<li class=\"product type-product post-1051 status-publish outofstock product_cat-bonavita product_tag-black product_tag-bonavita product_tag-coffee product_tag-kettle product_tag-tea product_tag-variable has-post-thumbnail taxable shipping-taxable purchasable product-type-simple\">\n\t<a href=\"https:\/\/teacoffeesupplies.com\/en\/product\/bonavita-1-0l-variable-temperature-kettle\/\" class=\"woocommerce-LoopProduct-link woocommerce-loop-product__link\"><img decoding=\"async\" width=\"300\" height=\"300\" src=\"https:\/\/i0.wp.com\/teacoffeesupplies.com\/wp-content\/uploads\/2023\/05\/bonavita.jpg?resize=300%2C300&amp;ssl=1\" class=\"attachment-woocommerce_thumbnail size-woocommerce_thumbnail\" alt=\"bonavita variable kettle for tea and coffee\" srcset=\"https:\/\/i0.wp.com\/teacoffeesupplies.com\/wp-content\/uploads\/2023\/05\/bonavita.jpg?resize=150%2C150&amp;ssl=1 150w, https:\/\/i0.wp.com\/teacoffeesupplies.com\/wp-content\/uploads\/2023\/05\/bonavita.jpg?resize=300%2C300&amp;ssl=1 300w, https:\/\/i0.wp.com\/teacoffeesupplies.com\/wp-content\/uploads\/2023\/05\/bonavita.jpg?resize=100%2C100&amp;ssl=1 100w\" sizes=\"(max-width: 300px) 100vw, 300px\" \/><h2 class=\"woocommerce-loop-product__title\">Bonavita &#8211; 1.0L Variable Temperature Kettle<\/h2>\n\t<span class=\"price\"><span class=\"woocommerce-Price-amount amount\"><bdi><span class=\"woocommerce-Price-currencySymbol\">&#36;<\/span>98.58<\/bdi><\/span><\/span>\n<\/a><a href=\"https:\/\/teacoffeesupplies.com\/en\/product\/bonavita-1-0l-variable-temperature-kettle\/\" aria-describedby=\"woocommerce_loop_add_to_cart_link_describedby_1051\" data-quantity=\"1\" class=\"button product_type_simple\" data-product_id=\"1051\" data-product_sku=\"BONKET\" aria-label=\"Read more about \u201cBonavita - 1.0L Variable Temperature Kettle\u201d\" rel=\"nofollow\" data-success_message=\"\" data-no-translation=\"\" data-trp-gettext=\"\" data-no-translation-aria-label=\"\">Read more<\/a>\t<span id=\"woocommerce_loop_add_to_cart_link_describedby_1051\" class=\"screen-reader-text\">\n\t\t\t<\/span>\n<\/li>\n<\/ul>\n<\/div><\/div>\n\t\t\t\t\t\t<\/div>\n\t\t\t\t<\/div>\n\t\t\t\t\t<\/div>\n\t\t<\/div>\n\t\t\t\t\t<\/div>\n\t\t<\/section>\n\t\t\t\t<\/div>","protected":false},"excerpt":{"rendered":"<p>Aseg\u00farate de iniciar sesi\u00f3n con tu cuenta de mayorista autorizado haciendo clic aqu\u00ed para acceder a los precios de mayoreo. Kettle<\/p>","protected":false},"author":3,"featured_media":0,"parent":0,"menu_order":0,"comment_status":"closed","ping_status":"closed","template":"template-page-builder.php","meta":{"footnotes":""},"class_list":["post-1109","page","type-page","status-publish","hentry"],"yoast_head":"<!-- This site is optimized with the Yoast SEO plugin v27.4 - https:\/\/yoast.com\/product\/yoast-seo-wordpress\/ -->\n<title>Bonavita - Tea Coffee Suplies<\/title>\n<meta name=\"robots\" content=\"index, follow, max-snippet:-1, max-image-preview:large, max-video-preview:-1\" \/>\n<link rel=\"canonical\" href=\"https:\/\/teacoffeesupplies.com\/en\/bonavita\/\" \/>\n<meta property=\"og:locale\" content=\"en_US\" \/>\n<meta property=\"og:type\" content=\"article\" \/>\n<meta property=\"og:title\" content=\"Bonavita - Tea Coffee Suplies\" \/>\n<meta property=\"og:description\" content=\"Aseg\u00farate de iniciar sesi\u00f3n con tu cuenta de mayorista autorizado haciendo clic aqu\u00ed para acceder a los precios de mayoreo. Kettle\" \/>\n<meta property=\"og:url\" content=\"https:\/\/teacoffeesupplies.com\/en\/bonavita\/\" \/>\n<meta property=\"og:site_name\" content=\"Tea Coffee Suplies\" \/>\n<meta property=\"article:modified_time\" content=\"2025-09-03T00:40:40+00:00\" \/>\n<meta property=\"og:image\" content=\"https:\/\/teacoffeesupplies.com\/wp-content\/uploads\/2023\/05\/bonavita.webp\" \/>\n<meta name=\"twitter:card\" content=\"summary_large_image\" \/>\n<meta name=\"twitter:label1\" content=\"Est. reading time\" \/>\n\t<meta name=\"twitter:data1\" content=\"1 minute\" \/>\n<script type=\"application\/ld+json\" class=\"yoast-schema-graph\">{\"@context\":\"https:\\\/\\\/schema.org\",\"@graph\":[{\"@type\":\"WebPage\",\"@id\":\"https:\\\/\\\/teacoffeesupplies.com\\\/bonavita\\\/\",\"url\":\"https:\\\/\\\/teacoffeesupplies.com\\\/bonavita\\\/\",\"name\":\"Bonavita - Tea Coffee Suplies\",\"isPartOf\":{\"@id\":\"https:\\\/\\\/teacoffeesupplies.com\\\/#website\"},\"primaryImageOfPage\":{\"@id\":\"https:\\\/\\\/teacoffeesupplies.com\\\/bonavita\\\/#primaryimage\"},\"image\":{\"@id\":\"https:\\\/\\\/teacoffeesupplies.com\\\/bonavita\\\/#primaryimage\"},\"thumbnailUrl\":\"https:\\\/\\\/teacoffeesupplies.com\\\/wp-content\\\/uploads\\\/2023\\\/05\\\/bonavita.webp\",\"datePublished\":\"2023-05-30T23:10:56+00:00\",\"dateModified\":\"2025-09-03T00:40:40+00:00\",\"breadcrumb\":{\"@id\":\"https:\\\/\\\/teacoffeesupplies.com\\\/bonavita\\\/#breadcrumb\"},\"inLanguage\":\"en-US\",\"potentialAction\":[{\"@type\":\"ReadAction\",\"target\":[\"https:\\\/\\\/teacoffeesupplies.com\\\/bonavita\\\/\"]}]},{\"@type\":\"ImageObject\",\"inLanguage\":\"en-US\",\"@id\":\"https:\\\/\\\/teacoffeesupplies.com\\\/bonavita\\\/#primaryimage\",\"url\":\"https:\\\/\\\/teacoffeesupplies.com\\\/wp-content\\\/uploads\\\/2023\\\/05\\\/bonavita.webp\",\"contentUrl\":\"https:\\\/\\\/teacoffeesupplies.com\\\/wp-content\\\/uploads\\\/2023\\\/05\\\/bonavita.webp\"},{\"@type\":\"BreadcrumbList\",\"@id\":\"https:\\\/\\\/teacoffeesupplies.com\\\/bonavita\\\/#breadcrumb\",\"itemListElement\":[{\"@type\":\"ListItem\",\"position\":1,\"name\":\"Home\",\"item\":\"https:\\\/\\\/teacoffeesupplies.com\\\/\"},{\"@type\":\"ListItem\",\"position\":2,\"name\":\"Bonavita\"}]},{\"@type\":\"WebSite\",\"@id\":\"https:\\\/\\\/teacoffeesupplies.com\\\/#website\",\"url\":\"https:\\\/\\\/teacoffeesupplies.com\\\/\",\"name\":\"Tea Coffee Suplies\",\"description\":\"Representamos las mejores marcas de Equipos e insumos para caf&eacute; y te en Centro y Sur America y en el Caribe.\",\"publisher\":{\"@id\":\"https:\\\/\\\/teacoffeesupplies.com\\\/#organization\"},\"potentialAction\":[{\"@type\":\"SearchAction\",\"target\":{\"@type\":\"EntryPoint\",\"urlTemplate\":\"https:\\\/\\\/teacoffeesupplies.com\\\/?s={search_term_string}\"},\"query-input\":{\"@type\":\"PropertyValueSpecification\",\"valueRequired\":true,\"valueName\":\"search_term_string\"}}],\"inLanguage\":\"en-US\"},{\"@type\":\"Organization\",\"@id\":\"https:\\\/\\\/teacoffeesupplies.com\\\/#organization\",\"name\":\"Tea Coffee Suplies\",\"url\":\"https:\\\/\\\/teacoffeesupplies.com\\\/\",\"logo\":{\"@type\":\"ImageObject\",\"inLanguage\":\"en-US\",\"@id\":\"https:\\\/\\\/teacoffeesupplies.com\\\/#\\\/schema\\\/logo\\\/image\\\/\",\"url\":\"https:\\\/\\\/i0.wp.com\\\/teacoffeesupplies.com\\\/wp-content\\\/uploads\\\/2022\\\/12\\\/cropped-tea-coffee-supplies-logo-adaptacion-1.png?fit=1081%2C324&ssl=1\",\"contentUrl\":\"https:\\\/\\\/i0.wp.com\\\/teacoffeesupplies.com\\\/wp-content\\\/uploads\\\/2022\\\/12\\\/cropped-tea-coffee-supplies-logo-adaptacion-1.png?fit=1081%2C324&ssl=1\",\"width\":1081,\"height\":324,\"caption\":\"Tea Coffee Suplies\"},\"image\":{\"@id\":\"https:\\\/\\\/teacoffeesupplies.com\\\/#\\\/schema\\\/logo\\\/image\\\/\"}}]}<\/script>\n<!-- \/ Yoast SEO plugin. -->","yoast_head_json":{"title":"Bonavita - Tea Coffee Suplies","robots":{"index":"index","follow":"follow","max-snippet":"max-snippet:-1","max-image-preview":"max-image-preview:large","max-video-preview":"max-video-preview:-1"},"canonical":"https:\/\/teacoffeesupplies.com\/en\/bonavita\/","og_locale":"en_US","og_type":"article","og_title":"Bonavita - Tea Coffee Suplies","og_description":"Aseg\u00farate de iniciar sesi\u00f3n con tu cuenta de mayorista autorizado haciendo clic aqu\u00ed para acceder a los precios de mayoreo. Kettle","og_url":"https:\/\/teacoffeesupplies.com\/en\/bonavita\/","og_site_name":"Tea Coffee Suplies","article_modified_time":"2025-09-03T00:40:40+00:00","og_image":[{"url":"https:\/\/teacoffeesupplies.com\/wp-content\/uploads\/2023\/05\/bonavita.webp","type":"","width":"","height":""}],"twitter_card":"summary_large_image","twitter_misc":{"Est. reading time":"1 minute"},"schema":{"@context":"https:\/\/schema.org","@graph":[{"@type":"WebPage","@id":"https:\/\/teacoffeesupplies.com\/bonavita\/","url":"https:\/\/teacoffeesupplies.com\/bonavita\/","name":"Bonavita - Tea Coffee Suplies","isPartOf":{"@id":"https:\/\/teacoffeesupplies.com\/#website"},"primaryImageOfPage":{"@id":"https:\/\/teacoffeesupplies.com\/bonavita\/#primaryimage"},"image":{"@id":"https:\/\/teacoffeesupplies.com\/bonavita\/#primaryimage"},"thumbnailUrl":"https:\/\/teacoffeesupplies.com\/wp-content\/uploads\/2023\/05\/bonavita.webp","datePublished":"2023-05-30T23:10:56+00:00","dateModified":"2025-09-03T00:40:40+00:00","breadcrumb":{"@id":"https:\/\/teacoffeesupplies.com\/bonavita\/#breadcrumb"},"inLanguage":"en-US","potentialAction":[{"@type":"ReadAction","target":["https:\/\/teacoffeesupplies.com\/bonavita\/"]}]},{"@type":"ImageObject","inLanguage":"en-US","@id":"https:\/\/teacoffeesupplies.com\/bonavita\/#primaryimage","url":"https:\/\/teacoffeesupplies.com\/wp-content\/uploads\/2023\/05\/bonavita.webp","contentUrl":"https:\/\/teacoffeesupplies.com\/wp-content\/uploads\/2023\/05\/bonavita.webp"},{"@type":"BreadcrumbList","@id":"https:\/\/teacoffeesupplies.com\/bonavita\/#breadcrumb","itemListElement":[{"@type":"ListItem","position":1,"name":"Home","item":"https:\/\/teacoffeesupplies.com\/"},{"@type":"ListItem","position":2,"name":"Bonavita"}]},{"@type":"WebSite","@id":"https:\/\/teacoffeesupplies.com\/#website","url":"https:\/\/teacoffeesupplies.com\/","name":"Tea Coffee Suplies","description":"Representamos las mejores marcas de Equipos e insumos para caf&eacute; y te en Centro y Sur America y en el Caribe.","publisher":{"@id":"https:\/\/teacoffeesupplies.com\/#organization"},"potentialAction":[{"@type":"SearchAction","target":{"@type":"EntryPoint","urlTemplate":"https:\/\/teacoffeesupplies.com\/?s={search_term_string}"},"query-input":{"@type":"PropertyValueSpecification","valueRequired":true,"valueName":"search_term_string"}}],"inLanguage":"en-US"},{"@type":"Organization","@id":"https:\/\/teacoffeesupplies.com\/#organization","name":"Tea Coffee Suplies","url":"https:\/\/teacoffeesupplies.com\/","logo":{"@type":"ImageObject","inLanguage":"en-US","@id":"https:\/\/teacoffeesupplies.com\/#\/schema\/logo\/image\/","url":"https:\/\/i0.wp.com\/teacoffeesupplies.com\/wp-content\/uploads\/2022\/12\/cropped-tea-coffee-supplies-logo-adaptacion-1.png?fit=1081%2C324&ssl=1","contentUrl":"https:\/\/i0.wp.com\/teacoffeesupplies.com\/wp-content\/uploads\/2022\/12\/cropped-tea-coffee-supplies-logo-adaptacion-1.png?fit=1081%2C324&ssl=1","width":1081,"height":324,"caption":"Tea Coffee Suplies"},"image":{"@id":"https:\/\/teacoffeesupplies.com\/#\/schema\/logo\/image\/"}}]}},"jetpack_sharing_enabled":true,"_links":{"self":[{"href":"https:\/\/teacoffeesupplies.com\/en\/wp-json\/wp\/v2\/pages\/1109","targetHints":{"allow":["GET"]}}],"collection":[{"href":"https:\/\/teacoffeesupplies.com\/en\/wp-json\/wp\/v2\/pages"}],"about":[{"href":"https:\/\/teacoffeesupplies.com\/en\/wp-json\/wp\/v2\/types\/page"}],"author":[{"embeddable":true,"href":"https:\/\/teacoffeesupplies.com\/en\/wp-json\/wp\/v2\/users\/3"}],"replies":[{"embeddable":true,"href":"https:\/\/teacoffeesupplies.com\/en\/wp-json\/wp\/v2\/comments?post=1109"}],"version-history":[{"count":12,"href":"https:\/\/teacoffeesupplies.com\/en\/wp-json\/wp\/v2\/pages\/1109\/revisions"}],"predecessor-version":[{"id":2158,"href":"https:\/\/teacoffeesupplies.com\/en\/wp-json\/wp\/v2\/pages\/1109\/revisions\/2158"}],"wp:attachment":[{"href":"https:\/\/teacoffeesupplies.com\/en\/wp-json\/wp\/v2\/media?parent=1109"}],"curies":[{"name":"wp","href":"https:\/\/api.w.org\/{rel}","templated":true}]}}