{"id":420,"date":"2022-12-15T22:08:51","date_gmt":"2022-12-16T03:08:51","guid":{"rendered":"https:\/\/teacoffeesupplies.com\/?post_type=product&#038;p=420"},"modified":"2025-09-23T21:27:40","modified_gmt":"2025-09-24T02:27:40","slug":"comandante-c40-felt-sleeve-color-saffron","status":"publish","type":"product","link":"https:\/\/teacoffeesupplies.com\/en\/product\/comandante-c40-felt-sleeve-color-saffron\/","title":{"rendered":"COMANDANTE C40 felt sleeve color Saffron"},"content":{"rendered":"<p>Instrucciones de cuidado:<\/p>\n<p>Tu Felt Sleeve es un producto natural y de alta calidad elaborado con 100% lana de cordero merino de primera calidad. La lanolina presente de forma natural en la lana y la densidad del material la hacen resistente a la suciedad.<\/p>\n<p>En caso de que su funda de fieltro se ensucie, simplemente l\u00edmpiela con un pa\u00f1o h\u00famedo o l\u00edmpiela con un cepillo suave.<\/p>\n<p>Para las manchas m\u00e1s dif\u00edciles, utilice un poco de detergente para lana o champ\u00fa para lana.<\/p>\n<p>Despu\u00e9s de lavar la funda, vuelva a darle forma, exti\u00e9ndala sobre una toalla y d\u00e9jela secar a temperatura ambiente. Si es necesario, aplique vapor ligeramente.<\/p>\n<p>La lana necesita tiempo para secarse.<\/p>\n<p>Medidas:<br \/>\nDi\u00e1metro aprox. 7cm<br \/>\nAltura aprox. 16cm<br \/>\nPeso aproximado. 30g<\/p>\n<p>Material: 100% lana de cordero merina<\/p>","protected":false},"excerpt":{"rendered":"<p><span style=\"font-weight: 400;\">Cuidamos las cosas que amamos!!<\/span><\/p>\n<p><span style=\"font-weight: 400;\">Es por eso que buscamos solo el mejor material para hacer la funda de fieltro para el molino Comandante C40.<\/span><\/p>\n<p><span style=\"font-weight: 400;\">El fieltro de lana fue una opci\u00f3n popular debido a sus excelentes caracter\u00edsticas:<\/span><\/p>\n<ul>\n<li><span style=\"font-weight: 400;\"> el\u00e1stico y transpirable<\/span><\/li>\n<li><span style=\"font-weight: 400;\"> resistente a los rayos ultravioleta<\/span><\/li>\n<li><span style=\"font-weight: 400;\"> resistente al desgaste y mantiene la forma<\/span><\/li>\n<li><span style=\"font-weight: 400;\"> aislamiento t\u00e9rmico<\/span><\/li>\n<li><span style=\"font-weight: 400;\"> resistente a la temperatura desde aprox. -40\u00b0C &#8211; +110\u00b0C<\/span><\/li>\n<li><span style=\"font-weight: 400;\"> repelente a la suciedad<\/span><\/li>\n<li><span style=\"font-weight: 400;\"> resistente a las arrugas<\/span><\/li>\n<\/ul>\n<p><span style=\"font-weight: 400;\">NATURAL Y SOSTENIBLE<\/span><\/p>","protected":false},"featured_media":300,"comment_status":"open","ping_status":"closed","template":"template-page-builder.php","meta":[],"product_brand":[],"product_cat":[21,26],"product_tag":[33,52,22,32,31,53,30],"class_list":{"0":"post-420","1":"product","2":"type-product","3":"status-publish","4":"has-post-thumbnail","6":"product_cat-comandante","7":"product_cat-comandante-accessories","8":"product_tag-accesorio","9":"product_tag-amarillo","10":"product_tag-comandante","11":"product_tag-felt","12":"product_tag-forro","13":"product_tag-saffron","14":"product_tag-sleeve","16":"first","17":"instock","18":"taxable","19":"shipping-taxable","20":"purchasable","21":"product-type-simple"},"yoast_head":"<!-- This site is optimized with the Yoast SEO plugin v27.5 - https:\/\/yoast.com\/product\/yoast-seo-wordpress\/ -->\n<title>COMANDANTE C40 felt sleeve color Saffron - Tea Coffee Suplies<\/title>\n<meta name=\"robots\" content=\"index, follow, max-snippet:-1, max-image-preview:large, max-video-preview:-1\" \/>\n<link rel=\"canonical\" href=\"https:\/\/teacoffeesupplies.com\/en\/product\/comandante-c40-felt-sleeve-color-saffron\/\" \/>\n<meta property=\"og:locale\" content=\"en_US\" \/>\n<meta property=\"og:type\" content=\"article\" \/>\n<meta property=\"og:title\" content=\"COMANDANTE C40 felt sleeve color Saffron - Tea Coffee Suplies\" \/>\n<meta property=\"og:description\" content=\"Cuidamos las cosas que amamos!!  Es por eso que buscamos solo el mejor material para hacer la funda de fieltro para el molino Comandante C40.  El fieltro de lana fue una opci\u00f3n popular debido a sus excelentes caracter\u00edsticas:    el\u00e1stico y transpirable   resistente a los rayos ultravioleta   resistente al desgaste y mantiene la forma   aislamiento t\u00e9rmico   resistente a la temperatura desde aprox. -40\u00b0C - +110\u00b0C   repelente a la suciedad   resistente a las arrugas  NATURAL Y SOSTENIBLE\" \/>\n<meta property=\"og:url\" content=\"https:\/\/teacoffeesupplies.com\/en\/product\/comandante-c40-felt-sleeve-color-saffron\/\" \/>\n<meta property=\"og:site_name\" content=\"Tea Coffee Suplies\" \/>\n<meta property=\"article:modified_time\" content=\"2025-09-24T02:27:40+00:00\" \/>\n<meta property=\"og:image\" content=\"https:\/\/teacoffeesupplies.com\/wp-content\/uploads\/2022\/12\/1928-c40_sleeve_safran-e1674430579430.png\" \/>\n\t<meta property=\"og:image:width\" content=\"998\" \/>\n\t<meta property=\"og:image:height\" content=\"998\" \/>\n\t<meta property=\"og:image:type\" content=\"image\/png\" \/>\n<meta name=\"twitter:card\" content=\"summary_large_image\" \/>\n<meta name=\"twitter:label1\" content=\"Est. reading time\" \/>\n\t<meta name=\"twitter:data1\" content=\"1 minute\" \/>\n<script type=\"application\/ld+json\" class=\"yoast-schema-graph\">{\"@context\":\"https:\\\/\\\/schema.org\",\"@graph\":[{\"@type\":\"WebPage\",\"@id\":\"https:\\\/\\\/teacoffeesupplies.com\\\/product\\\/comandante-c40-felt-sleeve-color-saffron\\\/\",\"url\":\"https:\\\/\\\/teacoffeesupplies.com\\\/product\\\/comandante-c40-felt-sleeve-color-saffron\\\/\",\"name\":\"COMANDANTE C40 felt sleeve color Saffron - Tea Coffee Suplies\",\"isPartOf\":{\"@id\":\"https:\\\/\\\/teacoffeesupplies.com\\\/#website\"},\"primaryImageOfPage\":{\"@id\":\"https:\\\/\\\/teacoffeesupplies.com\\\/product\\\/comandante-c40-felt-sleeve-color-saffron\\\/#primaryimage\"},\"image\":{\"@id\":\"https:\\\/\\\/teacoffeesupplies.com\\\/product\\\/comandante-c40-felt-sleeve-color-saffron\\\/#primaryimage\"},\"thumbnailUrl\":\"https:\\\/\\\/i0.wp.com\\\/teacoffeesupplies.com\\\/wp-content\\\/uploads\\\/2022\\\/12\\\/1928-c40_sleeve_safran-e1674430579430.png?fit=998%2C998&ssl=1\",\"datePublished\":\"2022-12-16T03:08:51+00:00\",\"dateModified\":\"2025-09-24T02:27:40+00:00\",\"breadcrumb\":{\"@id\":\"https:\\\/\\\/teacoffeesupplies.com\\\/product\\\/comandante-c40-felt-sleeve-color-saffron\\\/#breadcrumb\"},\"inLanguage\":\"en-US\",\"potentialAction\":[{\"@type\":\"ReadAction\",\"target\":[\"https:\\\/\\\/teacoffeesupplies.com\\\/product\\\/comandante-c40-felt-sleeve-color-saffron\\\/\"]}]},{\"@type\":\"ImageObject\",\"inLanguage\":\"en-US\",\"@id\":\"https:\\\/\\\/teacoffeesupplies.com\\\/product\\\/comandante-c40-felt-sleeve-color-saffron\\\/#primaryimage\",\"url\":\"https:\\\/\\\/i0.wp.com\\\/teacoffeesupplies.com\\\/wp-content\\\/uploads\\\/2022\\\/12\\\/1928-c40_sleeve_safran-e1674430579430.png?fit=998%2C998&ssl=1\",\"contentUrl\":\"https:\\\/\\\/i0.wp.com\\\/teacoffeesupplies.com\\\/wp-content\\\/uploads\\\/2022\\\/12\\\/1928-c40_sleeve_safran-e1674430579430.png?fit=998%2C998&ssl=1\",\"width\":998,\"height\":998,\"caption\":\"COMANDANTE C40 felt sleeve saffron 3300 1\"},{\"@type\":\"BreadcrumbList\",\"@id\":\"https:\\\/\\\/teacoffeesupplies.com\\\/product\\\/comandante-c40-felt-sleeve-color-saffron\\\/#breadcrumb\",\"itemListElement\":[{\"@type\":\"ListItem\",\"position\":1,\"name\":\"Home\",\"item\":\"https:\\\/\\\/teacoffeesupplies.com\\\/\"},{\"@type\":\"ListItem\",\"position\":2,\"name\":\"Tienda\",\"item\":\"https:\\\/\\\/teacoffeesupplies.com\\\/shop\\\/\"},{\"@type\":\"ListItem\",\"position\":3,\"name\":\"COMANDANTE C40 felt sleeve color Saffron\"}]},{\"@type\":\"WebSite\",\"@id\":\"https:\\\/\\\/teacoffeesupplies.com\\\/#website\",\"url\":\"https:\\\/\\\/teacoffeesupplies.com\\\/\",\"name\":\"Tea Coffee Suplies\",\"description\":\"Representamos las mejores marcas de Equipos e insumos para caf&eacute; y te en Centro y Sur America y en el Caribe.\",\"publisher\":{\"@id\":\"https:\\\/\\\/teacoffeesupplies.com\\\/#organization\"},\"potentialAction\":[{\"@type\":\"SearchAction\",\"target\":{\"@type\":\"EntryPoint\",\"urlTemplate\":\"https:\\\/\\\/teacoffeesupplies.com\\\/?s={search_term_string}\"},\"query-input\":{\"@type\":\"PropertyValueSpecification\",\"valueRequired\":true,\"valueName\":\"search_term_string\"}}],\"inLanguage\":\"en-US\"},{\"@type\":\"Organization\",\"@id\":\"https:\\\/\\\/teacoffeesupplies.com\\\/#organization\",\"name\":\"Tea Coffee Suplies\",\"url\":\"https:\\\/\\\/teacoffeesupplies.com\\\/\",\"logo\":{\"@type\":\"ImageObject\",\"inLanguage\":\"en-US\",\"@id\":\"https:\\\/\\\/teacoffeesupplies.com\\\/#\\\/schema\\\/logo\\\/image\\\/\",\"url\":\"https:\\\/\\\/i0.wp.com\\\/teacoffeesupplies.com\\\/wp-content\\\/uploads\\\/2022\\\/12\\\/cropped-tea-coffee-supplies-logo-adaptacion-1.png?fit=1081%2C324&ssl=1\",\"contentUrl\":\"https:\\\/\\\/i0.wp.com\\\/teacoffeesupplies.com\\\/wp-content\\\/uploads\\\/2022\\\/12\\\/cropped-tea-coffee-supplies-logo-adaptacion-1.png?fit=1081%2C324&ssl=1\",\"width\":1081,\"height\":324,\"caption\":\"Tea Coffee Suplies\"},\"image\":{\"@id\":\"https:\\\/\\\/teacoffeesupplies.com\\\/#\\\/schema\\\/logo\\\/image\\\/\"}}]}<\/script>\n<!-- \/ Yoast SEO plugin. -->","yoast_head_json":{"title":"COMANDANTE C40 felt sleeve color Saffron - Tea Coffee Suplies","robots":{"index":"index","follow":"follow","max-snippet":"max-snippet:-1","max-image-preview":"max-image-preview:large","max-video-preview":"max-video-preview:-1"},"canonical":"https:\/\/teacoffeesupplies.com\/en\/product\/comandante-c40-felt-sleeve-color-saffron\/","og_locale":"en_US","og_type":"article","og_title":"COMANDANTE C40 felt sleeve color Saffron - Tea Coffee Suplies","og_description":"Cuidamos las cosas que amamos!!  Es por eso que buscamos solo el mejor material para hacer la funda de fieltro para el molino Comandante C40.  El fieltro de lana fue una opci\u00f3n popular debido a sus excelentes caracter\u00edsticas:    el\u00e1stico y transpirable   resistente a los rayos ultravioleta   resistente al desgaste y mantiene la forma   aislamiento t\u00e9rmico   resistente a la temperatura desde aprox. -40\u00b0C - +110\u00b0C   repelente a la suciedad   resistente a las arrugas  NATURAL Y SOSTENIBLE","og_url":"https:\/\/teacoffeesupplies.com\/en\/product\/comandante-c40-felt-sleeve-color-saffron\/","og_site_name":"Tea Coffee Suplies","article_modified_time":"2025-09-24T02:27:40+00:00","og_image":[{"width":998,"height":998,"url":"https:\/\/teacoffeesupplies.com\/wp-content\/uploads\/2022\/12\/1928-c40_sleeve_safran-e1674430579430.png","type":"image\/png"}],"twitter_card":"summary_large_image","twitter_misc":{"Est. reading time":"1 minute"},"schema":{"@context":"https:\/\/schema.org","@graph":[{"@type":"WebPage","@id":"https:\/\/teacoffeesupplies.com\/product\/comandante-c40-felt-sleeve-color-saffron\/","url":"https:\/\/teacoffeesupplies.com\/product\/comandante-c40-felt-sleeve-color-saffron\/","name":"COMANDANTE C40 felt sleeve color Saffron - Tea Coffee Suplies","isPartOf":{"@id":"https:\/\/teacoffeesupplies.com\/#website"},"primaryImageOfPage":{"@id":"https:\/\/teacoffeesupplies.com\/product\/comandante-c40-felt-sleeve-color-saffron\/#primaryimage"},"image":{"@id":"https:\/\/teacoffeesupplies.com\/product\/comandante-c40-felt-sleeve-color-saffron\/#primaryimage"},"thumbnailUrl":"https:\/\/i0.wp.com\/teacoffeesupplies.com\/wp-content\/uploads\/2022\/12\/1928-c40_sleeve_safran-e1674430579430.png?fit=998%2C998&ssl=1","datePublished":"2022-12-16T03:08:51+00:00","dateModified":"2025-09-24T02:27:40+00:00","breadcrumb":{"@id":"https:\/\/teacoffeesupplies.com\/product\/comandante-c40-felt-sleeve-color-saffron\/#breadcrumb"},"inLanguage":"en-US","potentialAction":[{"@type":"ReadAction","target":["https:\/\/teacoffeesupplies.com\/product\/comandante-c40-felt-sleeve-color-saffron\/"]}]},{"@type":"ImageObject","inLanguage":"en-US","@id":"https:\/\/teacoffeesupplies.com\/product\/comandante-c40-felt-sleeve-color-saffron\/#primaryimage","url":"https:\/\/i0.wp.com\/teacoffeesupplies.com\/wp-content\/uploads\/2022\/12\/1928-c40_sleeve_safran-e1674430579430.png?fit=998%2C998&ssl=1","contentUrl":"https:\/\/i0.wp.com\/teacoffeesupplies.com\/wp-content\/uploads\/2022\/12\/1928-c40_sleeve_safran-e1674430579430.png?fit=998%2C998&ssl=1","width":998,"height":998,"caption":"COMANDANTE C40 felt sleeve saffron 3300 1"},{"@type":"BreadcrumbList","@id":"https:\/\/teacoffeesupplies.com\/product\/comandante-c40-felt-sleeve-color-saffron\/#breadcrumb","itemListElement":[{"@type":"ListItem","position":1,"name":"Home","item":"https:\/\/teacoffeesupplies.com\/"},{"@type":"ListItem","position":2,"name":"Tienda","item":"https:\/\/teacoffeesupplies.com\/shop\/"},{"@type":"ListItem","position":3,"name":"COMANDANTE C40 felt sleeve color Saffron"}]},{"@type":"WebSite","@id":"https:\/\/teacoffeesupplies.com\/#website","url":"https:\/\/teacoffeesupplies.com\/","name":"Tea Coffee Suplies","description":"Representamos las mejores marcas de Equipos e insumos para caf&eacute; y te en Centro y Sur America y en el Caribe.","publisher":{"@id":"https:\/\/teacoffeesupplies.com\/#organization"},"potentialAction":[{"@type":"SearchAction","target":{"@type":"EntryPoint","urlTemplate":"https:\/\/teacoffeesupplies.com\/?s={search_term_string}"},"query-input":{"@type":"PropertyValueSpecification","valueRequired":true,"valueName":"search_term_string"}}],"inLanguage":"en-US"},{"@type":"Organization","@id":"https:\/\/teacoffeesupplies.com\/#organization","name":"Tea Coffee Suplies","url":"https:\/\/teacoffeesupplies.com\/","logo":{"@type":"ImageObject","inLanguage":"en-US","@id":"https:\/\/teacoffeesupplies.com\/#\/schema\/logo\/image\/","url":"https:\/\/i0.wp.com\/teacoffeesupplies.com\/wp-content\/uploads\/2022\/12\/cropped-tea-coffee-supplies-logo-adaptacion-1.png?fit=1081%2C324&ssl=1","contentUrl":"https:\/\/i0.wp.com\/teacoffeesupplies.com\/wp-content\/uploads\/2022\/12\/cropped-tea-coffee-supplies-logo-adaptacion-1.png?fit=1081%2C324&ssl=1","width":1081,"height":324,"caption":"Tea Coffee Suplies"},"image":{"@id":"https:\/\/teacoffeesupplies.com\/#\/schema\/logo\/image\/"}}]}},"jetpack_sharing_enabled":true,"_links":{"self":[{"href":"https:\/\/teacoffeesupplies.com\/en\/wp-json\/wp\/v2\/product\/420","targetHints":{"allow":["GET"]}}],"collection":[{"href":"https:\/\/teacoffeesupplies.com\/en\/wp-json\/wp\/v2\/product"}],"about":[{"href":"https:\/\/teacoffeesupplies.com\/en\/wp-json\/wp\/v2\/types\/product"}],"replies":[{"embeddable":true,"href":"https:\/\/teacoffeesupplies.com\/en\/wp-json\/wp\/v2\/comments?post=420"}],"wp:featuredmedia":[{"embeddable":true,"href":"https:\/\/teacoffeesupplies.com\/en\/wp-json\/wp\/v2\/media\/300"}],"wp:attachment":[{"href":"https:\/\/teacoffeesupplies.com\/en\/wp-json\/wp\/v2\/media?parent=420"}],"wp:term":[{"taxonomy":"product_brand","embeddable":true,"href":"https:\/\/teacoffeesupplies.com\/en\/wp-json\/wp\/v2\/product_brand?post=420"},{"taxonomy":"product_cat","embeddable":true,"href":"https:\/\/teacoffeesupplies.com\/en\/wp-json\/wp\/v2\/product_cat?post=420"},{"taxonomy":"product_tag","embeddable":true,"href":"https:\/\/teacoffeesupplies.com\/en\/wp-json\/wp\/v2\/product_tag?post=420"}],"curies":[{"name":"wp","href":"https:\/\/api.w.org\/{rel}","templated":true}]}}