{"id":444,"date":"2022-12-16T00:07:50","date_gmt":"2022-12-16T05:07:50","guid":{"rendered":"https:\/\/teacoffeesupplies.com\/?post_type=product&#038;p=444"},"modified":"2025-10-22T05:49:04","modified_gmt":"2025-10-22T10:49:04","slug":"polymer-bean-jar-lid-turquoise","status":"publish","type":"product","link":"https:\/\/teacoffeesupplies.com\/en\/product\/polymer-bean-jar-lid-turquoise\/","title":{"rendered":"Polymer Bean Jar + lid, Turquoise"},"content":{"rendered":"<p>Ligero y pr\u00e1cticamente irrompible, el Polymer Bean Jar es la soluci\u00f3n perfecta para llevar.<br \/>\nPuede transportar de manera segura sus granos, almacenar su caf\u00e9 molido o incluso beber su caf\u00e9 reci\u00e9n hecho en \u00e9l.<br \/>\nLas paredes gruesas a\u00edslan el calor, por lo que el caf\u00e9 permanece caliente por m\u00e1s tiempo y sus dedos seguros.<br \/>\nEl nuevo dise\u00f1o tambi\u00e9n ofrece algunos beneficios importantes del flujo de trabajo.<br \/>\nTodos los frascos de granos de pol\u00edmero tienen un peso uniforme, que es ideal para pesar varias dosis de caf\u00e9 en casa, en el trabajo o en competiciones. Adem\u00e1s, este pol\u00edmero de alto rendimiento facilita la eliminaci\u00f3n del chaff no deseado del caf\u00e9 molido con la ayuda de la carga est\u00e1tica, lo que mejora adicionalmente la calidad de la taza de su caf\u00e9.<br \/>\nY finalmente, las paredes laterales s\u00faper lisas y verticales contribuyen a reducir el desperdicio y una dosificaci\u00f3n m\u00e1s r\u00e1pida en los m\u00e9todos o portafiltros.<br \/>\nComandante\u00ae utiliza solo pol\u00edmeros de alto rendimiento libres de BPA que cumplen con los est\u00e1ndares de seguridad alimentaria m\u00e1s estrictos.<br \/>\nSeguro y suave para usted y sus valiosos granos de caf\u00e9, pero a\u00fan robusto para soportar a\u00f1os de uso.<br \/>\nDatos r\u00e1pidos:<br \/>\n&#8211; Pol\u00edmero de alto rendimiento seguro para alimentos, libre de BPA- 100% compatible con Comandante\u00ae C40 Mk3 y Mk4<br \/>\n&#8211; Soluci\u00f3n de viaje perfecta &#8211; Ligero y pr\u00e1cticamente irrompible, uso como taza<br \/>\n&#8211; Ventajas del flujo de trabajo &#8211; Peso uniforme, paredes laterales lisas, eliminaci\u00f3n de paja est\u00e1tica- M\u00faltiples colores disponibles<br \/>\n&#8211; \u00a1Elige tu estilo!<br \/>\n&#8211; Fabricado en Alemania.<br \/>\n&#8211; peso: 88g<br \/>\n&#8211; DImensiones:62 x 62 x 67mm<\/p>\n<p>Contenido:<br \/>\n&#8211; Contenedor y tapa de polim\u00e9ro<\/p>","protected":false},"excerpt":{"rendered":"<p>El frasco de pol\u00edmero para granos de caf\u00e9 es una adici\u00f3n perfecta, segura para alimentos, robusta y vers\u00e1til junto con su molino Comandante C40, 100% compatible con todos los modelos Comandante\u00ae C40 Mk3 y Mk4.<br \/>\nDisponible en tonos cl\u00e1sicos y diferentes colores, \u00a1elige tu estilo!<\/p>","protected":false},"featured_media":249,"comment_status":"open","ping_status":"closed","template":"template-page-builder.php","meta":[],"product_brand":[],"product_cat":[64],"product_tag":[65,43,44,22,67,69,66,70,68,81,80],"class_list":{"0":"post-444","1":"product","2":"type-product","3":"status-publish","4":"has-post-thumbnail","6":"product_cat-comandante-bean-jar","7":"product_tag-bean","8":"product_tag-cafe","9":"product_tag-coffee","10":"product_tag-comandante","11":"product_tag-envase","12":"product_tag-granos","13":"product_tag-jar","14":"product_tag-polimero","15":"product_tag-tarrito","16":"product_tag-turquesa","17":"product_tag-turquoise","19":"first","20":"instock","21":"taxable","22":"shipping-taxable","23":"purchasable","24":"product-type-simple"},"yoast_head":"<!-- This site is optimized with the Yoast SEO plugin v27.5 - https:\/\/yoast.com\/product\/yoast-seo-wordpress\/ -->\n<title>Polymer Bean Jar + lid, Turquoise - Tea Coffee Suplies<\/title>\n<meta name=\"robots\" content=\"index, follow, max-snippet:-1, max-image-preview:large, max-video-preview:-1\" \/>\n<link rel=\"canonical\" href=\"https:\/\/teacoffeesupplies.com\/en\/product\/polymer-bean-jar-lid-turquoise\/\" \/>\n<meta property=\"og:locale\" content=\"en_US\" \/>\n<meta property=\"og:type\" content=\"article\" \/>\n<meta property=\"og:title\" content=\"Polymer Bean Jar + lid, Turquoise - Tea Coffee Suplies\" \/>\n<meta property=\"og:description\" content=\"El frasco de pol\u00edmero para granos de caf\u00e9 es una adici\u00f3n perfecta, segura para alimentos, robusta y vers\u00e1til junto con su molino Comandante C40, 100% compatible con todos los modelos Comandante\u00ae C40 Mk3 y Mk4. Disponible en tonos cl\u00e1sicos y diferentes colores, \u00a1elige tu estilo!\" \/>\n<meta property=\"og:url\" content=\"https:\/\/teacoffeesupplies.com\/en\/product\/polymer-bean-jar-lid-turquoise\/\" \/>\n<meta property=\"og:site_name\" content=\"Tea Coffee Suplies\" \/>\n<meta property=\"article:modified_time\" content=\"2025-10-22T10:49:04+00:00\" \/>\n<meta property=\"og:image\" content=\"https:\/\/teacoffeesupplies.com\/wp-content\/uploads\/2022\/12\/polymer-bean-jar-turquoise-1729-e1674431437282.png\" \/>\n\t<meta property=\"og:image:width\" content=\"1846\" \/>\n\t<meta property=\"og:image:height\" content=\"1846\" \/>\n\t<meta property=\"og:image:type\" content=\"image\/png\" \/>\n<meta name=\"twitter:card\" content=\"summary_large_image\" \/>\n<meta name=\"twitter:label1\" content=\"Est. reading time\" \/>\n\t<meta name=\"twitter:data1\" content=\"2 minutes\" \/>\n<script type=\"application\/ld+json\" class=\"yoast-schema-graph\">{\"@context\":\"https:\\\/\\\/schema.org\",\"@graph\":[{\"@type\":\"WebPage\",\"@id\":\"https:\\\/\\\/teacoffeesupplies.com\\\/product\\\/polymer-bean-jar-lid-turquoise\\\/\",\"url\":\"https:\\\/\\\/teacoffeesupplies.com\\\/product\\\/polymer-bean-jar-lid-turquoise\\\/\",\"name\":\"Polymer Bean Jar + lid, Turquoise - Tea Coffee Suplies\",\"isPartOf\":{\"@id\":\"https:\\\/\\\/teacoffeesupplies.com\\\/#website\"},\"primaryImageOfPage\":{\"@id\":\"https:\\\/\\\/teacoffeesupplies.com\\\/product\\\/polymer-bean-jar-lid-turquoise\\\/#primaryimage\"},\"image\":{\"@id\":\"https:\\\/\\\/teacoffeesupplies.com\\\/product\\\/polymer-bean-jar-lid-turquoise\\\/#primaryimage\"},\"thumbnailUrl\":\"https:\\\/\\\/i0.wp.com\\\/teacoffeesupplies.com\\\/wp-content\\\/uploads\\\/2022\\\/12\\\/polymer-bean-jar-turquoise-1729-e1674431437282.png?fit=1846%2C1846&ssl=1\",\"datePublished\":\"2022-12-16T05:07:50+00:00\",\"dateModified\":\"2025-10-22T10:49:04+00:00\",\"breadcrumb\":{\"@id\":\"https:\\\/\\\/teacoffeesupplies.com\\\/product\\\/polymer-bean-jar-lid-turquoise\\\/#breadcrumb\"},\"inLanguage\":\"en-US\",\"potentialAction\":[{\"@type\":\"ReadAction\",\"target\":[\"https:\\\/\\\/teacoffeesupplies.com\\\/product\\\/polymer-bean-jar-lid-turquoise\\\/\"]}]},{\"@type\":\"ImageObject\",\"inLanguage\":\"en-US\",\"@id\":\"https:\\\/\\\/teacoffeesupplies.com\\\/product\\\/polymer-bean-jar-lid-turquoise\\\/#primaryimage\",\"url\":\"https:\\\/\\\/i0.wp.com\\\/teacoffeesupplies.com\\\/wp-content\\\/uploads\\\/2022\\\/12\\\/polymer-bean-jar-turquoise-1729-e1674431437282.png?fit=1846%2C1846&ssl=1\",\"contentUrl\":\"https:\\\/\\\/i0.wp.com\\\/teacoffeesupplies.com\\\/wp-content\\\/uploads\\\/2022\\\/12\\\/polymer-bean-jar-turquoise-1729-e1674431437282.png?fit=1846%2C1846&ssl=1\",\"width\":1846,\"height\":1846,\"caption\":\"Comandante Polymer Bean Jar, Turquoise + Lid \\\/ 3493\"},{\"@type\":\"BreadcrumbList\",\"@id\":\"https:\\\/\\\/teacoffeesupplies.com\\\/product\\\/polymer-bean-jar-lid-turquoise\\\/#breadcrumb\",\"itemListElement\":[{\"@type\":\"ListItem\",\"position\":1,\"name\":\"Home\",\"item\":\"https:\\\/\\\/teacoffeesupplies.com\\\/\"},{\"@type\":\"ListItem\",\"position\":2,\"name\":\"Tienda\",\"item\":\"https:\\\/\\\/teacoffeesupplies.com\\\/shop\\\/\"},{\"@type\":\"ListItem\",\"position\":3,\"name\":\"Polymer Bean Jar + lid, Turquoise\"}]},{\"@type\":\"WebSite\",\"@id\":\"https:\\\/\\\/teacoffeesupplies.com\\\/#website\",\"url\":\"https:\\\/\\\/teacoffeesupplies.com\\\/\",\"name\":\"Tea Coffee Suplies\",\"description\":\"Representamos las mejores marcas de Equipos e insumos para caf&eacute; y te en Centro y Sur America y en el Caribe.\",\"publisher\":{\"@id\":\"https:\\\/\\\/teacoffeesupplies.com\\\/#organization\"},\"potentialAction\":[{\"@type\":\"SearchAction\",\"target\":{\"@type\":\"EntryPoint\",\"urlTemplate\":\"https:\\\/\\\/teacoffeesupplies.com\\\/?s={search_term_string}\"},\"query-input\":{\"@type\":\"PropertyValueSpecification\",\"valueRequired\":true,\"valueName\":\"search_term_string\"}}],\"inLanguage\":\"en-US\"},{\"@type\":\"Organization\",\"@id\":\"https:\\\/\\\/teacoffeesupplies.com\\\/#organization\",\"name\":\"Tea Coffee Suplies\",\"url\":\"https:\\\/\\\/teacoffeesupplies.com\\\/\",\"logo\":{\"@type\":\"ImageObject\",\"inLanguage\":\"en-US\",\"@id\":\"https:\\\/\\\/teacoffeesupplies.com\\\/#\\\/schema\\\/logo\\\/image\\\/\",\"url\":\"https:\\\/\\\/i0.wp.com\\\/teacoffeesupplies.com\\\/wp-content\\\/uploads\\\/2022\\\/12\\\/cropped-tea-coffee-supplies-logo-adaptacion-1.png?fit=1081%2C324&ssl=1\",\"contentUrl\":\"https:\\\/\\\/i0.wp.com\\\/teacoffeesupplies.com\\\/wp-content\\\/uploads\\\/2022\\\/12\\\/cropped-tea-coffee-supplies-logo-adaptacion-1.png?fit=1081%2C324&ssl=1\",\"width\":1081,\"height\":324,\"caption\":\"Tea Coffee Suplies\"},\"image\":{\"@id\":\"https:\\\/\\\/teacoffeesupplies.com\\\/#\\\/schema\\\/logo\\\/image\\\/\"}}]}<\/script>\n<!-- \/ Yoast SEO plugin. -->","yoast_head_json":{"title":"Polymer Bean Jar + lid, Turquoise - Tea Coffee Suplies","robots":{"index":"index","follow":"follow","max-snippet":"max-snippet:-1","max-image-preview":"max-image-preview:large","max-video-preview":"max-video-preview:-1"},"canonical":"https:\/\/teacoffeesupplies.com\/en\/product\/polymer-bean-jar-lid-turquoise\/","og_locale":"en_US","og_type":"article","og_title":"Polymer Bean Jar + lid, Turquoise - Tea Coffee Suplies","og_description":"El frasco de pol\u00edmero para granos de caf\u00e9 es una adici\u00f3n perfecta, segura para alimentos, robusta y vers\u00e1til junto con su molino Comandante C40, 100% compatible con todos los modelos Comandante\u00ae C40 Mk3 y Mk4. Disponible en tonos cl\u00e1sicos y diferentes colores, \u00a1elige tu estilo!","og_url":"https:\/\/teacoffeesupplies.com\/en\/product\/polymer-bean-jar-lid-turquoise\/","og_site_name":"Tea Coffee Suplies","article_modified_time":"2025-10-22T10:49:04+00:00","og_image":[{"width":1846,"height":1846,"url":"https:\/\/teacoffeesupplies.com\/wp-content\/uploads\/2022\/12\/polymer-bean-jar-turquoise-1729-e1674431437282.png","type":"image\/png"}],"twitter_card":"summary_large_image","twitter_misc":{"Est. reading time":"2 minutes"},"schema":{"@context":"https:\/\/schema.org","@graph":[{"@type":"WebPage","@id":"https:\/\/teacoffeesupplies.com\/product\/polymer-bean-jar-lid-turquoise\/","url":"https:\/\/teacoffeesupplies.com\/product\/polymer-bean-jar-lid-turquoise\/","name":"Polymer Bean Jar + lid, Turquoise - Tea Coffee Suplies","isPartOf":{"@id":"https:\/\/teacoffeesupplies.com\/#website"},"primaryImageOfPage":{"@id":"https:\/\/teacoffeesupplies.com\/product\/polymer-bean-jar-lid-turquoise\/#primaryimage"},"image":{"@id":"https:\/\/teacoffeesupplies.com\/product\/polymer-bean-jar-lid-turquoise\/#primaryimage"},"thumbnailUrl":"https:\/\/i0.wp.com\/teacoffeesupplies.com\/wp-content\/uploads\/2022\/12\/polymer-bean-jar-turquoise-1729-e1674431437282.png?fit=1846%2C1846&ssl=1","datePublished":"2022-12-16T05:07:50+00:00","dateModified":"2025-10-22T10:49:04+00:00","breadcrumb":{"@id":"https:\/\/teacoffeesupplies.com\/product\/polymer-bean-jar-lid-turquoise\/#breadcrumb"},"inLanguage":"en-US","potentialAction":[{"@type":"ReadAction","target":["https:\/\/teacoffeesupplies.com\/product\/polymer-bean-jar-lid-turquoise\/"]}]},{"@type":"ImageObject","inLanguage":"en-US","@id":"https:\/\/teacoffeesupplies.com\/product\/polymer-bean-jar-lid-turquoise\/#primaryimage","url":"https:\/\/i0.wp.com\/teacoffeesupplies.com\/wp-content\/uploads\/2022\/12\/polymer-bean-jar-turquoise-1729-e1674431437282.png?fit=1846%2C1846&ssl=1","contentUrl":"https:\/\/i0.wp.com\/teacoffeesupplies.com\/wp-content\/uploads\/2022\/12\/polymer-bean-jar-turquoise-1729-e1674431437282.png?fit=1846%2C1846&ssl=1","width":1846,"height":1846,"caption":"Comandante Polymer Bean Jar, Turquoise + Lid \/ 3493"},{"@type":"BreadcrumbList","@id":"https:\/\/teacoffeesupplies.com\/product\/polymer-bean-jar-lid-turquoise\/#breadcrumb","itemListElement":[{"@type":"ListItem","position":1,"name":"Home","item":"https:\/\/teacoffeesupplies.com\/"},{"@type":"ListItem","position":2,"name":"Tienda","item":"https:\/\/teacoffeesupplies.com\/shop\/"},{"@type":"ListItem","position":3,"name":"Polymer Bean Jar + lid, Turquoise"}]},{"@type":"WebSite","@id":"https:\/\/teacoffeesupplies.com\/#website","url":"https:\/\/teacoffeesupplies.com\/","name":"Tea Coffee Suplies","description":"Representamos las mejores marcas de Equipos e insumos para caf&eacute; y te en Centro y Sur America y en el Caribe.","publisher":{"@id":"https:\/\/teacoffeesupplies.com\/#organization"},"potentialAction":[{"@type":"SearchAction","target":{"@type":"EntryPoint","urlTemplate":"https:\/\/teacoffeesupplies.com\/?s={search_term_string}"},"query-input":{"@type":"PropertyValueSpecification","valueRequired":true,"valueName":"search_term_string"}}],"inLanguage":"en-US"},{"@type":"Organization","@id":"https:\/\/teacoffeesupplies.com\/#organization","name":"Tea Coffee Suplies","url":"https:\/\/teacoffeesupplies.com\/","logo":{"@type":"ImageObject","inLanguage":"en-US","@id":"https:\/\/teacoffeesupplies.com\/#\/schema\/logo\/image\/","url":"https:\/\/i0.wp.com\/teacoffeesupplies.com\/wp-content\/uploads\/2022\/12\/cropped-tea-coffee-supplies-logo-adaptacion-1.png?fit=1081%2C324&ssl=1","contentUrl":"https:\/\/i0.wp.com\/teacoffeesupplies.com\/wp-content\/uploads\/2022\/12\/cropped-tea-coffee-supplies-logo-adaptacion-1.png?fit=1081%2C324&ssl=1","width":1081,"height":324,"caption":"Tea Coffee Suplies"},"image":{"@id":"https:\/\/teacoffeesupplies.com\/#\/schema\/logo\/image\/"}}]}},"jetpack_sharing_enabled":true,"_links":{"self":[{"href":"https:\/\/teacoffeesupplies.com\/en\/wp-json\/wp\/v2\/product\/444","targetHints":{"allow":["GET"]}}],"collection":[{"href":"https:\/\/teacoffeesupplies.com\/en\/wp-json\/wp\/v2\/product"}],"about":[{"href":"https:\/\/teacoffeesupplies.com\/en\/wp-json\/wp\/v2\/types\/product"}],"replies":[{"embeddable":true,"href":"https:\/\/teacoffeesupplies.com\/en\/wp-json\/wp\/v2\/comments?post=444"}],"wp:featuredmedia":[{"embeddable":true,"href":"https:\/\/teacoffeesupplies.com\/en\/wp-json\/wp\/v2\/media\/249"}],"wp:attachment":[{"href":"https:\/\/teacoffeesupplies.com\/en\/wp-json\/wp\/v2\/media?parent=444"}],"wp:term":[{"taxonomy":"product_brand","embeddable":true,"href":"https:\/\/teacoffeesupplies.com\/en\/wp-json\/wp\/v2\/product_brand?post=444"},{"taxonomy":"product_cat","embeddable":true,"href":"https:\/\/teacoffeesupplies.com\/en\/wp-json\/wp\/v2\/product_cat?post=444"},{"taxonomy":"product_tag","embeddable":true,"href":"https:\/\/teacoffeesupplies.com\/en\/wp-json\/wp\/v2\/product_tag?post=444"}],"curies":[{"name":"wp","href":"https:\/\/api.w.org\/{rel}","templated":true}]}}