{"id":617,"date":"2022-12-18T17:02:54","date_gmt":"2022-12-18T22:02:54","guid":{"rendered":"https:\/\/teacoffeesupplies.com\/?post_type=product&#038;p=617"},"modified":"2025-09-23T21:27:55","modified_gmt":"2025-09-24T02:27:55","slug":"wood-care-balm-set","status":"publish","type":"product","link":"https:\/\/teacoffeesupplies.com\/en\/product\/wood-care-balm-set\/","title":{"rendered":"COMANDANTE WOOD CARE BALM SET"},"content":{"rendered":"<p>El Comandante \u2013 Wood Care Set 3371 incluye:<br \/>\n1x Cera natural de abejas para madera de 15 ml en frasco de vidrio.<br \/>\n1x pa\u00f1o de algod\u00f3n de 30 x 30 crema<br \/>\n1x cepillo \u201cB\u00fcrstle #4\u201d (madera natural con cabello de caballo)<br \/>\nForma de uso: Limpie el molino con el cepillo y despu\u00e9s aplique una peque\u00f1a cantidad de la cera al pa\u00f1o y fr\u00f3tese en la superficie de la madera en sentido de la veta de la madera, de manera alterna gentilmente de masajes a la madera con los dedos. Repita hasta que la madera deje de absorber, despu\u00e9s retire cualquier exceso. Deje reposar la madera por un rato y proceda a pulir la madera con el pa\u00f1o de algod\u00f3n.<br \/>\nInformaci\u00f3n adicional<br \/>\nPeso: 130 gr<br \/>\nDimensions: 6.5 \u00d7 6.5 \u00d7 9 cm<\/p>","protected":false},"excerpt":{"rendered":"<p>Este kit para su molino Comandante est\u00e1 dise\u00f1ado para cuidar las maderas en tus molinos (Perilla y cuerpo) y mantener su molino como nuevo.<\/p>","protected":false},"featured_media":234,"comment_status":"open","ping_status":"closed","template":"","meta":[],"product_brand":[],"product_cat":[28],"product_tag":[91,22,95,94,93,92],"class_list":{"0":"post-617","1":"product","2":"type-product","3":"status-publish","4":"has-post-thumbnail","6":"product_cat-comandante-parts","7":"product_tag-care-set","8":"product_tag-comandante","9":"product_tag-cuidado","10":"product_tag-madera","11":"product_tag-mantenimiento","12":"product_tag-wood","14":"first","15":"instock","16":"taxable","17":"shipping-taxable","18":"purchasable","19":"product-type-simple"},"yoast_head":"<!-- This site is optimized with the Yoast SEO plugin v27.2 - https:\/\/yoast.com\/product\/yoast-seo-wordpress\/ -->\n<title>COMANDANTE WOOD CARE BALM SET - Tea Coffee Suplies<\/title>\n<meta name=\"robots\" content=\"index, follow, max-snippet:-1, max-image-preview:large, max-video-preview:-1\" \/>\n<link rel=\"canonical\" href=\"https:\/\/teacoffeesupplies.com\/en\/product\/wood-care-balm-set\/\" \/>\n<meta property=\"og:locale\" content=\"en_US\" \/>\n<meta property=\"og:type\" content=\"article\" \/>\n<meta property=\"og:title\" content=\"COMANDANTE WOOD CARE BALM SET - Tea Coffee Suplies\" \/>\n<meta property=\"og:description\" content=\"Este kit para su molino Comandante est\u00e1 dise\u00f1ado para cuidar las maderas en tus molinos (Perilla y cuerpo) y mantener su molino como nuevo.\" \/>\n<meta property=\"og:url\" content=\"https:\/\/teacoffeesupplies.com\/en\/product\/wood-care-balm-set\/\" \/>\n<meta property=\"og:site_name\" content=\"Tea Coffee Suplies\" \/>\n<meta property=\"article:modified_time\" content=\"2025-09-24T02:27:55+00:00\" \/>\n<meta property=\"og:image\" content=\"https:\/\/teacoffeesupplies.com\/wp-content\/uploads\/2022\/12\/1961-Wood_Care_Balm-SET-scaled-e1674491216150.jpg\" \/>\n\t<meta property=\"og:image:width\" content=\"1542\" \/>\n\t<meta property=\"og:image:height\" content=\"1542\" \/>\n\t<meta property=\"og:image:type\" content=\"image\/jpeg\" \/>\n<meta name=\"twitter:card\" content=\"summary_large_image\" \/>\n<meta name=\"twitter:label1\" content=\"Est. reading time\" \/>\n\t<meta name=\"twitter:data1\" content=\"1 minute\" \/>\n<script type=\"application\/ld+json\" class=\"yoast-schema-graph\">{\"@context\":\"https:\/\/schema.org\",\"@graph\":[{\"@type\":\"WebPage\",\"@id\":\"https:\/\/teacoffeesupplies.com\/product\/wood-care-balm-set\/\",\"url\":\"https:\/\/teacoffeesupplies.com\/product\/wood-care-balm-set\/\",\"name\":\"COMANDANTE WOOD CARE BALM SET - Tea Coffee Suplies\",\"isPartOf\":{\"@id\":\"https:\/\/teacoffeesupplies.com\/#website\"},\"primaryImageOfPage\":{\"@id\":\"https:\/\/teacoffeesupplies.com\/product\/wood-care-balm-set\/#primaryimage\"},\"image\":{\"@id\":\"https:\/\/teacoffeesupplies.com\/product\/wood-care-balm-set\/#primaryimage\"},\"thumbnailUrl\":\"https:\/\/i0.wp.com\/teacoffeesupplies.com\/wp-content\/uploads\/2022\/12\/1961-Wood_Care_Balm-SET-scaled-e1674491216150.jpg?fit=1542%2C1542&ssl=1\",\"datePublished\":\"2022-12-18T22:02:54+00:00\",\"dateModified\":\"2025-09-24T02:27:55+00:00\",\"breadcrumb\":{\"@id\":\"https:\/\/teacoffeesupplies.com\/product\/wood-care-balm-set\/#breadcrumb\"},\"inLanguage\":\"en-US\",\"potentialAction\":[{\"@type\":\"ReadAction\",\"target\":[\"https:\/\/teacoffeesupplies.com\/product\/wood-care-balm-set\/\"]}]},{\"@type\":\"ImageObject\",\"inLanguage\":\"en-US\",\"@id\":\"https:\/\/teacoffeesupplies.com\/product\/wood-care-balm-set\/#primaryimage\",\"url\":\"https:\/\/i0.wp.com\/teacoffeesupplies.com\/wp-content\/uploads\/2022\/12\/1961-Wood_Care_Balm-SET-scaled-e1674491216150.jpg?fit=1542%2C1542&ssl=1\",\"contentUrl\":\"https:\/\/i0.wp.com\/teacoffeesupplies.com\/wp-content\/uploads\/2022\/12\/1961-Wood_Care_Balm-SET-scaled-e1674491216150.jpg?fit=1542%2C1542&ssl=1\",\"width\":1542,\"height\":1542},{\"@type\":\"BreadcrumbList\",\"@id\":\"https:\/\/teacoffeesupplies.com\/product\/wood-care-balm-set\/#breadcrumb\",\"itemListElement\":[{\"@type\":\"ListItem\",\"position\":1,\"name\":\"Home\",\"item\":\"https:\/\/teacoffeesupplies.com\/\"},{\"@type\":\"ListItem\",\"position\":2,\"name\":\"Tienda\",\"item\":\"https:\/\/teacoffeesupplies.com\/shop\/\"},{\"@type\":\"ListItem\",\"position\":3,\"name\":\"COMANDANTE WOOD CARE BALM SET\"}]},{\"@type\":\"WebSite\",\"@id\":\"https:\/\/teacoffeesupplies.com\/#website\",\"url\":\"https:\/\/teacoffeesupplies.com\/\",\"name\":\"Tea Coffee Suplies\",\"description\":\"Representamos las mejores marcas de Equipos e insumos para caf&eacute; y te en Centro y Sur America y en el Caribe.\",\"publisher\":{\"@id\":\"https:\/\/teacoffeesupplies.com\/#organization\"},\"potentialAction\":[{\"@type\":\"SearchAction\",\"target\":{\"@type\":\"EntryPoint\",\"urlTemplate\":\"https:\/\/teacoffeesupplies.com\/?s={search_term_string}\"},\"query-input\":{\"@type\":\"PropertyValueSpecification\",\"valueRequired\":true,\"valueName\":\"search_term_string\"}}],\"inLanguage\":\"en-US\"},{\"@type\":\"Organization\",\"@id\":\"https:\/\/teacoffeesupplies.com\/#organization\",\"name\":\"Tea Coffee Suplies\",\"url\":\"https:\/\/teacoffeesupplies.com\/\",\"logo\":{\"@type\":\"ImageObject\",\"inLanguage\":\"en-US\",\"@id\":\"https:\/\/teacoffeesupplies.com\/#\/schema\/logo\/image\/\",\"url\":\"https:\/\/i0.wp.com\/teacoffeesupplies.com\/wp-content\/uploads\/2022\/12\/cropped-tea-coffee-supplies-logo-adaptacion-1.png?fit=1081%2C324&ssl=1\",\"contentUrl\":\"https:\/\/i0.wp.com\/teacoffeesupplies.com\/wp-content\/uploads\/2022\/12\/cropped-tea-coffee-supplies-logo-adaptacion-1.png?fit=1081%2C324&ssl=1\",\"width\":1081,\"height\":324,\"caption\":\"Tea Coffee Suplies\"},\"image\":{\"@id\":\"https:\/\/teacoffeesupplies.com\/#\/schema\/logo\/image\/\"}}]}<\/script>\n<!-- \/ Yoast SEO plugin. -->","yoast_head_json":{"title":"COMANDANTE WOOD CARE BALM SET - Tea Coffee Suplies","robots":{"index":"index","follow":"follow","max-snippet":"max-snippet:-1","max-image-preview":"max-image-preview:large","max-video-preview":"max-video-preview:-1"},"canonical":"https:\/\/teacoffeesupplies.com\/en\/product\/wood-care-balm-set\/","og_locale":"en_US","og_type":"article","og_title":"COMANDANTE WOOD CARE BALM SET - Tea Coffee Suplies","og_description":"Este kit para su molino Comandante est\u00e1 dise\u00f1ado para cuidar las maderas en tus molinos (Perilla y cuerpo) y mantener su molino como nuevo.","og_url":"https:\/\/teacoffeesupplies.com\/en\/product\/wood-care-balm-set\/","og_site_name":"Tea Coffee Suplies","article_modified_time":"2025-09-24T02:27:55+00:00","og_image":[{"width":1542,"height":1542,"url":"https:\/\/teacoffeesupplies.com\/wp-content\/uploads\/2022\/12\/1961-Wood_Care_Balm-SET-scaled-e1674491216150.jpg","type":"image\/jpeg"}],"twitter_card":"summary_large_image","twitter_misc":{"Est. reading time":"1 minute"},"schema":{"@context":"https:\/\/schema.org","@graph":[{"@type":"WebPage","@id":"https:\/\/teacoffeesupplies.com\/product\/wood-care-balm-set\/","url":"https:\/\/teacoffeesupplies.com\/product\/wood-care-balm-set\/","name":"COMANDANTE WOOD CARE BALM SET - Tea Coffee Suplies","isPartOf":{"@id":"https:\/\/teacoffeesupplies.com\/#website"},"primaryImageOfPage":{"@id":"https:\/\/teacoffeesupplies.com\/product\/wood-care-balm-set\/#primaryimage"},"image":{"@id":"https:\/\/teacoffeesupplies.com\/product\/wood-care-balm-set\/#primaryimage"},"thumbnailUrl":"https:\/\/i0.wp.com\/teacoffeesupplies.com\/wp-content\/uploads\/2022\/12\/1961-Wood_Care_Balm-SET-scaled-e1674491216150.jpg?fit=1542%2C1542&ssl=1","datePublished":"2022-12-18T22:02:54+00:00","dateModified":"2025-09-24T02:27:55+00:00","breadcrumb":{"@id":"https:\/\/teacoffeesupplies.com\/product\/wood-care-balm-set\/#breadcrumb"},"inLanguage":"en-US","potentialAction":[{"@type":"ReadAction","target":["https:\/\/teacoffeesupplies.com\/product\/wood-care-balm-set\/"]}]},{"@type":"ImageObject","inLanguage":"en-US","@id":"https:\/\/teacoffeesupplies.com\/product\/wood-care-balm-set\/#primaryimage","url":"https:\/\/i0.wp.com\/teacoffeesupplies.com\/wp-content\/uploads\/2022\/12\/1961-Wood_Care_Balm-SET-scaled-e1674491216150.jpg?fit=1542%2C1542&ssl=1","contentUrl":"https:\/\/i0.wp.com\/teacoffeesupplies.com\/wp-content\/uploads\/2022\/12\/1961-Wood_Care_Balm-SET-scaled-e1674491216150.jpg?fit=1542%2C1542&ssl=1","width":1542,"height":1542},{"@type":"BreadcrumbList","@id":"https:\/\/teacoffeesupplies.com\/product\/wood-care-balm-set\/#breadcrumb","itemListElement":[{"@type":"ListItem","position":1,"name":"Home","item":"https:\/\/teacoffeesupplies.com\/"},{"@type":"ListItem","position":2,"name":"Tienda","item":"https:\/\/teacoffeesupplies.com\/shop\/"},{"@type":"ListItem","position":3,"name":"COMANDANTE WOOD CARE BALM SET"}]},{"@type":"WebSite","@id":"https:\/\/teacoffeesupplies.com\/#website","url":"https:\/\/teacoffeesupplies.com\/","name":"Tea Coffee Suplies","description":"Representamos las mejores marcas de Equipos e insumos para caf&eacute; y te en Centro y Sur America y en el Caribe.","publisher":{"@id":"https:\/\/teacoffeesupplies.com\/#organization"},"potentialAction":[{"@type":"SearchAction","target":{"@type":"EntryPoint","urlTemplate":"https:\/\/teacoffeesupplies.com\/?s={search_term_string}"},"query-input":{"@type":"PropertyValueSpecification","valueRequired":true,"valueName":"search_term_string"}}],"inLanguage":"en-US"},{"@type":"Organization","@id":"https:\/\/teacoffeesupplies.com\/#organization","name":"Tea Coffee Suplies","url":"https:\/\/teacoffeesupplies.com\/","logo":{"@type":"ImageObject","inLanguage":"en-US","@id":"https:\/\/teacoffeesupplies.com\/#\/schema\/logo\/image\/","url":"https:\/\/i0.wp.com\/teacoffeesupplies.com\/wp-content\/uploads\/2022\/12\/cropped-tea-coffee-supplies-logo-adaptacion-1.png?fit=1081%2C324&ssl=1","contentUrl":"https:\/\/i0.wp.com\/teacoffeesupplies.com\/wp-content\/uploads\/2022\/12\/cropped-tea-coffee-supplies-logo-adaptacion-1.png?fit=1081%2C324&ssl=1","width":1081,"height":324,"caption":"Tea Coffee Suplies"},"image":{"@id":"https:\/\/teacoffeesupplies.com\/#\/schema\/logo\/image\/"}}]}},"jetpack_sharing_enabled":true,"_links":{"self":[{"href":"https:\/\/teacoffeesupplies.com\/en\/wp-json\/wp\/v2\/product\/617","targetHints":{"allow":["GET"]}}],"collection":[{"href":"https:\/\/teacoffeesupplies.com\/en\/wp-json\/wp\/v2\/product"}],"about":[{"href":"https:\/\/teacoffeesupplies.com\/en\/wp-json\/wp\/v2\/types\/product"}],"replies":[{"embeddable":true,"href":"https:\/\/teacoffeesupplies.com\/en\/wp-json\/wp\/v2\/comments?post=617"}],"wp:featuredmedia":[{"embeddable":true,"href":"https:\/\/teacoffeesupplies.com\/en\/wp-json\/wp\/v2\/media\/234"}],"wp:attachment":[{"href":"https:\/\/teacoffeesupplies.com\/en\/wp-json\/wp\/v2\/media?parent=617"}],"wp:term":[{"taxonomy":"product_brand","embeddable":true,"href":"https:\/\/teacoffeesupplies.com\/en\/wp-json\/wp\/v2\/product_brand?post=617"},{"taxonomy":"product_cat","embeddable":true,"href":"https:\/\/teacoffeesupplies.com\/en\/wp-json\/wp\/v2\/product_cat?post=617"},{"taxonomy":"product_tag","embeddable":true,"href":"https:\/\/teacoffeesupplies.com\/en\/wp-json\/wp\/v2\/product_tag?post=617"}],"curies":[{"name":"wp","href":"https:\/\/api.w.org\/{rel}","templated":true}]}}